{"id":3,"date":"2023-05-17T18:13:20","date_gmt":"2023-05-17T18:13:20","guid":{"rendered":"https:\/\/famamoney.com\/?page_id=3"},"modified":"2024-03-18T16:43:42","modified_gmt":"2024-03-18T16:43:42","slug":"privacy-policy","status":"publish","type":"page","link":"https:\/\/famamoney.com\/index.php\/privacy-policy\/","title":{"rendered":"Privacy Policy"},"content":{"rendered":"\t\t<div data-elementor-type=\"wp-page\" data-elementor-id=\"3\" class=\"elementor elementor-3\">\n\t\t\t\t\t\t<section class=\"elementor-section elementor-top-section elementor-element elementor-element-cafafff elementor-section-content-middle elementor-reverse-mobile elementor-section-boxed elementor-section-height-default elementor-section-height-default wpr-particle-no wpr-jarallax-no wpr-parallax-no wpr-sticky-section-no\" data-id=\"cafafff\" data-element_type=\"section\" data-settings=\"{&quot;background_background&quot;:&quot;classic&quot;}\">\n\t\t\t\t\t\t<div class=\"elementor-container elementor-column-gap-no\">\n\t\t\t\t\t<div class=\"elementor-column elementor-col-100 elementor-top-column elementor-element elementor-element-ce4b1b9\" data-id=\"ce4b1b9\" data-element_type=\"column\">\n\t\t\t<div class=\"elementor-widget-wrap elementor-element-populated\">\n\t\t\t\t\t\t<div class=\"elementor-element elementor-element-3d9b5dd elementor-widget elementor-widget-spacer\" data-id=\"3d9b5dd\" data-element_type=\"widget\" data-widget_type=\"spacer.default\">\n\t\t\t\t<div class=\"elementor-widget-container\">\n\t\t\t<style>\/*! elementor - v3.23.0 - 25-07-2024 *\/\n.elementor-column .elementor-spacer-inner{height:var(--spacer-size)}.e-con{--container-widget-width:100%}.e-con-inner>.elementor-widget-spacer,.e-con>.elementor-widget-spacer{width:var(--container-widget-width,var(--spacer-size));--align-self:var(--container-widget-align-self,initial);--flex-shrink:0}.e-con-inner>.elementor-widget-spacer>.elementor-widget-container,.e-con>.elementor-widget-spacer>.elementor-widget-container{height:100%;width:100%}.e-con-inner>.elementor-widget-spacer>.elementor-widget-container>.elementor-spacer,.e-con>.elementor-widget-spacer>.elementor-widget-container>.elementor-spacer{height:100%}.e-con-inner>.elementor-widget-spacer>.elementor-widget-container>.elementor-spacer>.elementor-spacer-inner,.e-con>.elementor-widget-spacer>.elementor-widget-container>.elementor-spacer>.elementor-spacer-inner{height:var(--container-widget-height,var(--spacer-size))}.e-con-inner>.elementor-widget-spacer.elementor-widget-empty,.e-con>.elementor-widget-spacer.elementor-widget-empty{position:relative;min-height:22px;min-width:22px}.e-con-inner>.elementor-widget-spacer.elementor-widget-empty .elementor-widget-empty-icon,.e-con>.elementor-widget-spacer.elementor-widget-empty .elementor-widget-empty-icon{position:absolute;top:0;bottom:0;left:0;right:0;margin:auto;padding:0;width:22px;height:22px}<\/style>\t\t<div class=\"elementor-spacer\">\n\t\t\t<div class=\"elementor-spacer-inner\"><\/div>\n\t\t<\/div>\n\t\t\t\t<\/div>\n\t\t\t\t<\/div>\n\t\t\t\t<div class=\"elementor-element elementor-element-78d63ef elementor-widget elementor-widget-heading\" data-id=\"78d63ef\" data-element_type=\"widget\" data-widget_type=\"heading.default\">\n\t\t\t\t<div class=\"elementor-widget-container\">\n\t\t\t<style>\/*! elementor - v3.23.0 - 25-07-2024 *\/\n.elementor-heading-title{padding:0;margin:0;line-height:1}.elementor-widget-heading .elementor-heading-title[class*=elementor-size-]>a{color:inherit;font-size:inherit;line-height:inherit}.elementor-widget-heading .elementor-heading-title.elementor-size-small{font-size:15px}.elementor-widget-heading .elementor-heading-title.elementor-size-medium{font-size:19px}.elementor-widget-heading .elementor-heading-title.elementor-size-large{font-size:29px}.elementor-widget-heading .elementor-heading-title.elementor-size-xl{font-size:39px}.elementor-widget-heading .elementor-heading-title.elementor-size-xxl{font-size:59px}<\/style><h2 class=\"elementor-heading-title elementor-size-default\">POLITIQUE DE CONFIDENTIALIT\u00c9 <\/h2>\t\t<\/div>\n\t\t\t\t<\/div>\n\t\t\t\t<div class=\"elementor-element elementor-element-79d1014 elementor-widget elementor-widget-spacer\" data-id=\"79d1014\" data-element_type=\"widget\" data-widget_type=\"spacer.default\">\n\t\t\t\t<div class=\"elementor-widget-container\">\n\t\t\t\t\t<div class=\"elementor-spacer\">\n\t\t\t<div class=\"elementor-spacer-inner\"><\/div>\n\t\t<\/div>\n\t\t\t\t<\/div>\n\t\t\t\t<\/div>\n\t\t\t\t<div class=\"elementor-element elementor-element-2ae76e6 elementor-widget elementor-widget-heading\" data-id=\"2ae76e6\" data-element_type=\"widget\" data-widget_type=\"heading.default\">\n\t\t\t\t<div class=\"elementor-widget-container\">\n\t\t\t<h2 class=\"elementor-heading-title elementor-size-default\">Objet<\/h2>\t\t<\/div>\n\t\t\t\t<\/div>\n\t\t\t\t<div class=\"elementor-element elementor-element-9c09a65 elementor-widget elementor-widget-text-editor\" data-id=\"9c09a65\" data-element_type=\"widget\" data-widget_type=\"text-editor.default\">\n\t\t\t\t<div class=\"elementor-widget-container\">\n\t\t\t<style>\/*! elementor - v3.23.0 - 25-07-2024 *\/\n.elementor-widget-text-editor.elementor-drop-cap-view-stacked .elementor-drop-cap{background-color:#69727d;color:#fff}.elementor-widget-text-editor.elementor-drop-cap-view-framed .elementor-drop-cap{color:#69727d;border:3px solid;background-color:transparent}.elementor-widget-text-editor:not(.elementor-drop-cap-view-default) .elementor-drop-cap{margin-top:8px}.elementor-widget-text-editor:not(.elementor-drop-cap-view-default) .elementor-drop-cap-letter{width:1em;height:1em}.elementor-widget-text-editor .elementor-drop-cap{float:left;text-align:center;line-height:1;font-size:50px}.elementor-widget-text-editor .elementor-drop-cap-letter{display:inline-block}<\/style>\t\t\t\t<p>La pr\u00e9sente politique de confidentialit\u00e9 a pour objet de pr\u00e9ciser les modalit\u00e9s de gestion des donn\u00e9es personnelles transmises volontairement par les utilisateurs de la plateforme digitale \u00ab\u00a0FAMA\u00a0\u00bb.<\/p>\n<p>Les donn\u00e9es personnelles sont entendues au sens de la loi 2008-12 du 25 janvier 2008 sur la protection des donn\u00e9es \u00e0 caract\u00e8re personnel.<\/p>\t\t\t\t\t\t<\/div>\n\t\t\t\t<\/div>\n\t\t\t\t<div class=\"elementor-element elementor-element-9279f9f elementor-widget elementor-widget-heading\" data-id=\"9279f9f\" data-element_type=\"widget\" data-widget_type=\"heading.default\">\n\t\t\t\t<div class=\"elementor-widget-container\">\n\t\t\t<h2 class=\"elementor-heading-title elementor-size-default\">Collecte des donn\u00e9es personnelles<\/h2>\t\t<\/div>\n\t\t\t\t<\/div>\n\t\t\t\t<div class=\"elementor-element elementor-element-26a1b1c elementor-widget elementor-widget-text-editor\" data-id=\"26a1b1c\" data-element_type=\"widget\" data-widget_type=\"text-editor.default\">\n\t\t\t\t<div class=\"elementor-widget-container\">\n\t\t\t\t\t\t\t<p>La soci\u00e9t\u00e9 Lamtoro Holding recueille les donn\u00e9es personnelles des utilisateurs de de la plateforme digitale \u00ab\u00a0FAMA\u00a0\u00bb, telles que nom, pr\u00e9nom, et num\u00e9ro de t\u00e9l\u00e9phone, \u00e0 l\u2019occasion de la cr\u00e9ation de leur compte et des transactions qu\u2019ils effectuent.<\/p>\n<p>Par ailleurs, elle re\u00e7oit et enregistre ces informations automatiquement \u00e0 partir de la navigation de l\u2019utilisateur sur le site, y compris son adresse IP.<\/p>\t\t\t\t\t\t<\/div>\n\t\t\t\t<\/div>\n\t\t\t\t<div class=\"elementor-element elementor-element-e26b596 elementor-widget elementor-widget-heading\" data-id=\"e26b596\" data-element_type=\"widget\" data-widget_type=\"heading.default\">\n\t\t\t\t<div class=\"elementor-widget-container\">\n\t\t\t<h2 class=\"elementor-heading-title elementor-size-default\">Utilisation des informations collect\u00e9es<\/h2>\t\t<\/div>\n\t\t\t\t<\/div>\n\t\t\t\t<div class=\"elementor-element elementor-element-7dc2319 elementor-widget elementor-widget-text-editor\" data-id=\"7dc2319\" data-element_type=\"widget\" data-widget_type=\"text-editor.default\">\n\t\t\t\t<div class=\"elementor-widget-container\">\n\t\t\t\t\t\t\t<p>Les donn\u00e9es personnelles de l\u2019utilisateur sont exclusivement recueillies pour\u00a0:<\/p>\n<ul>\n<li>Offrir la meilleure exp\u00e9rience-client possible\u00a0<\/li>\n<li>Contacter l\u2019utilisateur<\/li>\n<li>Proposer un contenu publicitaire personnalis\u00e9<\/li>\n<\/ul>\n<p>\u00a0<\/p>\t\t\t\t\t\t<\/div>\n\t\t\t\t<\/div>\n\t\t\t\t<div class=\"elementor-element elementor-element-7b598ca elementor-widget elementor-widget-heading\" data-id=\"7b598ca\" data-element_type=\"widget\" data-widget_type=\"heading.default\">\n\t\t\t\t<div class=\"elementor-widget-container\">\n\t\t\t<h2 class=\"elementor-heading-title elementor-size-default\">Protection des donn\u00e9es personnelles<\/h2>\t\t<\/div>\n\t\t\t\t<\/div>\n\t\t\t\t<div class=\"elementor-element elementor-element-ce69f1f elementor-widget elementor-widget-text-editor\" data-id=\"ce69f1f\" data-element_type=\"widget\" data-widget_type=\"text-editor.default\">\n\t\t\t\t<div class=\"elementor-widget-container\">\n\t\t\t\t\t\t\t<p>Les donn\u00e9es personnelles collect\u00e9es sont exclusivement destin\u00e9es \u00e0 la facilitation de la navigation de l\u2019utilisateur, aux mises \u00e0 jour et \u00e0 la r\u00e9alisation de transactions financi\u00e8res.<\/p>\n<p>Elles ne peuvent en aucun cas faire l\u2019objet, au profit d\u2019un tiers, d\u2019\u00e9change, de transfert, ou de cession, sous quelque forme que ce soit, sans le consentement expr\u00e8s de l\u2019utilisateur<strong>, <\/strong>sauf dispositions l\u00e9gales contraires ou mise en \u0153uvre de l\u2019alin\u00e9a pr\u00e9c\u00e9dent.<\/p>\t\t\t\t\t\t<\/div>\n\t\t\t\t<\/div>\n\t\t\t\t<div class=\"elementor-element elementor-element-c95cd07 elementor-widget elementor-widget-heading\" data-id=\"c95cd07\" data-element_type=\"widget\" data-widget_type=\"heading.default\">\n\t\t\t\t<div class=\"elementor-widget-container\">\n\t\t\t<h2 class=\"elementor-heading-title elementor-size-default\">Droit d\u2019acc\u00e8s, de rectification et d\u2019opposition<\/h2>\t\t<\/div>\n\t\t\t\t<\/div>\n\t\t\t\t<div class=\"elementor-element elementor-element-93f8fec elementor-widget elementor-widget-text-editor\" data-id=\"93f8fec\" data-element_type=\"widget\" data-widget_type=\"text-editor.default\">\n\t\t\t\t<div class=\"elementor-widget-container\">\n\t\t\t\t\t\t\t<p>L\u2019utilisateur dispose d\u2019un droit d\u2019acc\u00e8s, de rectification et d\u2019opposition aux donn\u00e9es personnelles le concernant, en effectuant une demande \u00e9crite et sign\u00e9e, accompagn\u00e9e d\u2019une copie du titre d\u2019identit\u00e9, en pr\u00e9cisant l\u2019adresse \u00e0 laquelle la r\u00e9ponse doit \u00eatre envoy\u00e9e.<\/p>\n<p>\u00a0<\/p>\t\t\t\t\t\t<\/div>\n\t\t\t\t<\/div>\n\t\t\t\t<div class=\"elementor-element elementor-element-1f9da47 elementor-widget elementor-widget-heading\" data-id=\"1f9da47\" data-element_type=\"widget\" data-widget_type=\"heading.default\">\n\t\t\t\t<div class=\"elementor-widget-container\">\n\t\t\t<h2 class=\"elementor-heading-title elementor-size-default\">Responsable du traitement des donn\u00e9es personnelles <\/h2>\t\t<\/div>\n\t\t\t\t<\/div>\n\t\t\t\t<div class=\"elementor-element elementor-element-0b99b60 elementor-widget elementor-widget-text-editor\" data-id=\"0b99b60\" data-element_type=\"widget\" data-widget_type=\"text-editor.default\">\n\t\t\t\t<div class=\"elementor-widget-container\">\n\t\t\t\t\t\t\t<p>Monsieur <strong>Mamadou Samak\u00e9<\/strong> est le Responsable du traitement des donn\u00e9es personnelles.<\/p><p>Il peut \u00eatre contact\u00e9 au +221 77 634 40 62 ou \u00e0 l\u2019adresse mail <a href=\"mailto:policy@lamtoro.com\">policy@famamoney.com<\/a><\/p>\t\t\t\t\t\t<\/div>\n\t\t\t\t<\/div>\n\t\t\t\t<div class=\"elementor-element elementor-element-405af03 elementor-widget elementor-widget-heading\" data-id=\"405af03\" data-element_type=\"widget\" data-widget_type=\"heading.default\">\n\t\t\t\t<div class=\"elementor-widget-container\">\n\t\t\t<h2 class=\"elementor-heading-title elementor-size-default\">Conservation des donn\u00e9es personnelles<\/h2>\t\t<\/div>\n\t\t\t\t<\/div>\n\t\t\t\t<div class=\"elementor-element elementor-element-afcb9ed elementor-widget elementor-widget-text-editor\" data-id=\"afcb9ed\" data-element_type=\"widget\" data-widget_type=\"text-editor.default\">\n\t\t\t\t<div class=\"elementor-widget-container\">\n\t\t\t\t\t\t\t<p>Les donn\u00e9es personnelles sont conserv\u00e9es pour une dur\u00e9e de 5 ans.<\/p>\t\t\t\t\t\t<\/div>\n\t\t\t\t<\/div>\n\t\t\t\t<div class=\"elementor-element elementor-element-a290521 elementor-widget elementor-widget-heading\" data-id=\"a290521\" data-element_type=\"widget\" data-widget_type=\"heading.default\">\n\t\t\t\t<div class=\"elementor-widget-container\">\n\t\t\t<h2 class=\"elementor-heading-title elementor-size-default\">Modification de la politique de confidentialit\u00e9<\/h2>\t\t<\/div>\n\t\t\t\t<\/div>\n\t\t\t\t<div class=\"elementor-element elementor-element-caa3a30 elementor-widget elementor-widget-text-editor\" data-id=\"caa3a30\" data-element_type=\"widget\" data-widget_type=\"text-editor.default\">\n\t\t\t\t<div class=\"elementor-widget-container\">\n\t\t\t\t\t\t\t<p>Afin de garantir sa conformit\u00e9 \u00e0 la r\u00e8glementation en vigueur, la pr\u00e9sente politique de confidentialit\u00e9 peut \u00eatre modifi\u00e9e \u00e0 tout moment si une d\u00e9cision de justice ou des textes l\u00e9gaux et r\u00e8glementaires l\u2019exigent.<\/p>\t\t\t\t\t\t<\/div>\n\t\t\t\t<\/div>\n\t\t\t\t\t<\/div>\n\t\t<\/div>\n\t\t\t\t\t<\/div>\n\t\t<\/section>\n\t\t\t\t<\/div>\n\t\t","protected":false},"excerpt":{"rendered":"<p>POLITIQUE DE CONFIDENTIALIT\u00c9 Objet La pr\u00e9sente politique de confidentialit\u00e9 a pour objet de pr\u00e9ciser les modalit\u00e9s de gestion des donn\u00e9es personnelles transmises volontairement par les utilisateurs de la plateforme digitale \u00ab\u00a0FAMA\u00a0\u00bb. Les donn\u00e9es personnelles sont entendues au sens de la loi 2008-12 du 25 janvier 2008 sur la protection des donn\u00e9es \u00e0 caract\u00e8re personnel. Collecte des donn\u00e9es personnelles La soci\u00e9t\u00e9 Lamtoro Holding recueille les donn\u00e9es personnelles des utilisateurs de de la plateforme digitale \u00ab\u00a0FAMA\u00a0\u00bb, telles que nom, pr\u00e9nom, et num\u00e9ro de t\u00e9l\u00e9phone, \u00e0 l\u2019occasion de la cr\u00e9ation de leur compte et des transactions qu\u2019ils effectuent. Par ailleurs, elle re\u00e7oit et enregistre ces informations automatiquement \u00e0 partir de la navigation de l\u2019utilisateur sur le site, y compris son adresse IP. Utilisation des informations collect\u00e9es Les donn\u00e9es personnelles de l\u2019utilisateur sont exclusivement recueillies pour\u00a0: Offrir la meilleure exp\u00e9rience-client possible\u00a0 Contacter l\u2019utilisateur Proposer un contenu publicitaire personnalis\u00e9 \u00a0 Protection des donn\u00e9es personnelles Les donn\u00e9es personnelles collect\u00e9es sont exclusivement destin\u00e9es \u00e0 la facilitation de la navigation de l\u2019utilisateur, aux mises \u00e0 jour et \u00e0 la r\u00e9alisation de transactions financi\u00e8res. Elles ne peuvent en aucun cas faire l\u2019objet, au profit d\u2019un tiers, d\u2019\u00e9change, de transfert, ou de cession, sous quelque forme que ce soit, sans le consentement expr\u00e8s de l\u2019utilisateur, sauf dispositions l\u00e9gales contraires ou mise en \u0153uvre de l\u2019alin\u00e9a pr\u00e9c\u00e9dent. Droit d\u2019acc\u00e8s, de rectification et d\u2019opposition L\u2019utilisateur dispose d\u2019un droit d\u2019acc\u00e8s, de rectification et d\u2019opposition aux donn\u00e9es personnelles le concernant, en effectuant une demande \u00e9crite et sign\u00e9e, accompagn\u00e9e d\u2019une copie du titre d\u2019identit\u00e9, en pr\u00e9cisant l\u2019adresse \u00e0 laquelle la r\u00e9ponse doit \u00eatre envoy\u00e9e. \u00a0 Responsable du traitement des donn\u00e9es personnelles Monsieur Mamadou Samak\u00e9 est le Responsable du traitement des donn\u00e9es personnelles. Il peut \u00eatre contact\u00e9 au +221 77 634 40 62 ou \u00e0 l\u2019adresse mail policy@famamoney.com Conservation des donn\u00e9es personnelles Les donn\u00e9es personnelles sont conserv\u00e9es pour une dur\u00e9e de 5 ans. Modification de la politique de confidentialit\u00e9 Afin de garantir sa conformit\u00e9 \u00e0 la r\u00e8glementation en vigueur, la pr\u00e9sente politique de confidentialit\u00e9 peut \u00eatre modifi\u00e9e \u00e0 tout moment si une d\u00e9cision de justice ou des textes l\u00e9gaux et r\u00e8glementaires l\u2019exigent.<\/p>\n","protected":false},"author":1,"featured_media":0,"parent":0,"menu_order":0,"comment_status":"closed","ping_status":"closed","template":"blank","meta":{"footnotes":""},"_links":{"self":[{"href":"https:\/\/famamoney.com\/index.php\/wp-json\/wp\/v2\/pages\/3"}],"collection":[{"href":"https:\/\/famamoney.com\/index.php\/wp-json\/wp\/v2\/pages"}],"about":[{"href":"https:\/\/famamoney.com\/index.php\/wp-json\/wp\/v2\/types\/page"}],"author":[{"embeddable":true,"href":"https:\/\/famamoney.com\/index.php\/wp-json\/wp\/v2\/users\/1"}],"replies":[{"embeddable":true,"href":"https:\/\/famamoney.com\/index.php\/wp-json\/wp\/v2\/comments?post=3"}],"version-history":[{"count":15,"href":"https:\/\/famamoney.com\/index.php\/wp-json\/wp\/v2\/pages\/3\/revisions"}],"predecessor-version":[{"id":537,"href":"https:\/\/famamoney.com\/index.php\/wp-json\/wp\/v2\/pages\/3\/revisions\/537"}],"wp:attachment":[{"href":"https:\/\/famamoney.com\/index.php\/wp-json\/wp\/v2\/media?parent=3"}],"curies":[{"name":"wp","href":"https:\/\/api.w.org\/{rel}","templated":true}]}}